{"id":1703,"date":"2022-01-23T02:25:49","date_gmt":"2022-01-23T07:25:49","guid":{"rendered":"https:\/\/www.a2ndchancebailbonds.com\/localizador-de-presos\/"},"modified":"2022-12-27T12:13:42","modified_gmt":"2022-12-27T17:13:42","slug":"localizador-de-presos","status":"publish","type":"page","link":"https:\/\/www.a2ndchancebailbonds.com\/es\/localizador-de-presos\/","title":{"rendered":"Localizador de presos"},"content":{"rendered":"\t\t<div data-elementor-type=\"wp-page\" data-elementor-id=\"1703\" class=\"elementor elementor-1703 elementor-73\" data-elementor-post-type=\"page\">\n\t\t\t\t\t\t<section class=\"elementor-section elementor-top-section elementor-element elementor-element-6c96ee1 elementor-section-height-min-height elementor-section-stretched elementor-section-items-bottom elementor-section-boxed elementor-section-height-default\" data-id=\"6c96ee1\" data-element_type=\"section\" data-settings=\"{&quot;stretch_section&quot;:&quot;section-stretched&quot;,&quot;background_background&quot;:&quot;classic&quot;}\">\n\t\t\t\t\t\t\t<div class=\"elementor-background-overlay\"><\/div>\n\t\t\t\t\t\t\t<div class=\"elementor-container elementor-column-gap-default\">\n\t\t\t\t\t<div class=\"elementor-column elementor-col-100 elementor-top-column elementor-element elementor-element-267d97c4\" data-id=\"267d97c4\" data-element_type=\"column\">\n\t\t\t<div class=\"elementor-widget-wrap elementor-element-populated\">\n\t\t\t\t\t\t<div class=\"elementor-element elementor-element-8636be6 elementor-invisible elementor-widget elementor-widget-heading\" data-id=\"8636be6\" data-element_type=\"widget\" data-settings=\"{&quot;_animation&quot;:&quot;fadeInUp&quot;}\" data-widget_type=\"heading.default\">\n\t\t\t\t<div class=\"elementor-widget-container\">\n\t\t\t\t\t<h1 class=\"elementor-heading-title elementor-size-default\">Localizador de presos<\/h1>\t\t\t\t<\/div>\n\t\t\t\t<\/div>\n\t\t\t\t<div class=\"elementor-element elementor-element-352a34f6 elementor-widget-divider--view-line elementor-invisible elementor-widget elementor-widget-divider\" data-id=\"352a34f6\" data-element_type=\"widget\" data-settings=\"{&quot;_animation&quot;:&quot;fadeInUp&quot;}\" data-widget_type=\"divider.default\">\n\t\t\t\t<div class=\"elementor-widget-container\">\n\t\t\t\t\t\t\t<div class=\"elementor-divider\">\n\t\t\t<span class=\"elementor-divider-separator\">\n\t\t\t\t\t\t<\/span>\n\t\t<\/div>\n\t\t\t\t\t\t<\/div>\n\t\t\t\t<\/div>\n\t\t\t\t\t<\/div>\n\t\t<\/div>\n\t\t\t\t\t<\/div>\n\t\t<\/section>\n\t\t\t\t<section class=\"elementor-section elementor-top-section elementor-element elementor-element-fc7b362 elementor-section-boxed elementor-section-height-default elementor-section-height-default\" data-id=\"fc7b362\" data-element_type=\"section\">\n\t\t\t\t\t\t<div class=\"elementor-container elementor-column-gap-default\">\n\t\t\t\t\t<div class=\"elementor-column elementor-col-50 elementor-top-column elementor-element elementor-element-650bbd4c\" data-id=\"650bbd4c\" data-element_type=\"column\">\n\t\t\t<div class=\"elementor-widget-wrap elementor-element-populated\">\n\t\t\t\t\t\t<section class=\"elementor-section elementor-inner-section elementor-element elementor-element-299159b elementor-section-boxed elementor-section-height-default elementor-section-height-default\" data-id=\"299159b\" data-element_type=\"section\">\n\t\t\t\t\t\t<div class=\"elementor-container elementor-column-gap-default\">\n\t\t\t\t\t<div class=\"elementor-column elementor-col-50 elementor-inner-column elementor-element elementor-element-2919c61\" data-id=\"2919c61\" data-element_type=\"column\">\n\t\t\t<div class=\"elementor-widget-wrap elementor-element-populated\">\n\t\t\t\t\t\t<div class=\"elementor-element elementor-element-007e8f8 elementor-widget elementor-widget-text-editor\" data-id=\"007e8f8\" data-element_type=\"widget\" data-widget_type=\"text-editor.default\">\n\t\t\t\t<div class=\"elementor-widget-container\">\n\t\t\t\t\t\t\t\t\t<h3><a href=\"http:\/\/jailroster.bc-cville.org\/newworld.inmateinquiry\/bartow\" target=\"_blank\" rel=\"noopener noreferrer\">C\u00e1rcel del condado de Bartow<br \/><\/a><\/h3>\n<p><a href=\"tel:1-770-382-5050\">(770) 382-5050<\/a><\/p>\n<h3><a href=\"https:\/\/www.co.bibb.ga.us\/BSOInmatesOnline\/BSOSearchPage.asp\" target=\"_blank\" rel=\"noopener noreferrer\">C\u00e1rcel del condado de Bibb<\/a><\/h3>\n<p><a href=\"tel:1-478-621-5555\">(478) 621-5555<\/a><\/p>\n<h3><a href=\"https:\/\/www.claytoncountyga.gov\/government\/sheriff\/inmate-search\" target=\"_blank\" rel=\"noopener noreferrer\">C\u00e1rcel del condado de Clayton<\/a><\/h3>\n<p><a href=\"tel:1-770-477-4413\">(770) 477-4413<\/a> o <a href=\"tel:1-770-477-4414\">4414<\/a><\/p>\n<h3><a href=\"https:\/\/inmate-search.cobbsheriff.org\/enter_name.shtm\" target=\"_blank\" rel=\"noopener noreferrer\">C\u00e1rcel del condado de Cobb<\/a><\/h3>\n<p><a href=\"tel:1-770-499-4255\">(770) 499-4255<\/a><\/p>\n<h3><a href=\"https:\/\/omsweb.public-safety-cloud.com\/jtclientweb\/(S(xm5ljqbqwpzmhfinhka1szae))\/jailtracker\/index\/Dawson_County_GA\" target=\"_blank\" rel=\"noopener noreferrer\">C\u00e1rcel del condado de Dawson<\/a><\/h3>\n<p><a href=\"tel:1-706-621-5555\">(706) 621-5555<\/a><\/p>\n<h3><a href=\"https:\/\/ody.dekalbcountyga.gov\/app\/JailSearch\/#\/search\" target=\"_blank\" rel=\"noopener noreferrer\">C\u00e1rcel del condado de Dekalb<\/a><\/h3>\n<p><a href=\"tel:1-404-298-8515\">(404) 298-8515<\/a><\/p>\n<h3><a href=\"https:\/\/douglas-so-ga.zuercherportal.com\/#\/inmates\" target=\"_blank\" rel=\"noopener noreferrer\">C\u00e1rcel del condado de Douglas<br \/><\/a><\/h3>\n<p><a href=\"tel:1-770-942-2121\">(770) 942-2121<\/a><\/p>\n\t\t\t\t\t\t\t\t<\/div>\n\t\t\t\t<\/div>\n\t\t\t\t\t<\/div>\n\t\t<\/div>\n\t\t\t\t<div class=\"elementor-column elementor-col-50 elementor-inner-column elementor-element elementor-element-da59c9b\" data-id=\"da59c9b\" data-element_type=\"column\">\n\t\t\t<div class=\"elementor-widget-wrap elementor-element-populated\">\n\t\t\t\t\t\t<div class=\"elementor-element elementor-element-30921b2 elementor-widget elementor-widget-text-editor\" data-id=\"30921b2\" data-element_type=\"widget\" data-widget_type=\"text-editor.default\">\n\t\t\t\t<div class=\"elementor-widget-container\">\n\t\t\t\t\t\t\t\t\t<h3><a href=\"http:\/\/justice.fultoncountyga.gov\/PAJailManager\/default.aspx\" target=\"_blank\" rel=\"noopener noreferrer\">C\u00e1rcel del condado de Fulton<\/a><\/h3>\n<p><a href=\"tel:1-404-613-2142\">(404) 613-2142<\/a><\/p>\n<h3><a href=\"http:\/\/www.gwinnettcountysheriff.com\/smartwebclient\/\" target=\"_blank\" rel=\"noopener noreferrer\">C\u00e1rcel del condado de Gwinnett<\/a><\/h3>\n<p><a href=\"tel:1-770-619-6530\">(770) 619-6530<\/a><\/p>\n<h3 style=\"font-size: 20px; font-weight: 600;\">C\u00e1rcel del condado de Henry<\/h3>\n<p><a href=\"tel:1-770-288-7120\">(770) 288-7120<\/a><\/p>\n<h3><a href=\"http:\/\/inmate.paulding.gov:90\/webinquiry\/default.asp\" target=\"_blank\" rel=\"noopener noreferrer\">C\u00e1rcel del condado de Paulding<br \/><\/a><\/h3>\n<p><a href=\"tel:1-770-443-3030\">(770) 443-3030<\/a><\/p>\n<h3><a href=\"http:\/\/www.dcor.state.ga.us\/\" target=\"_blank\" rel=\"noopener noreferrer\">Correccionales del Estado de Georgia<\/a><\/h3>\n<p><a href=\"tel:1-404-656-4661\">(404) 656-4661<\/a><\/p>\n<h3><a href=\"https:\/\/www.bop.gov\/\" target=\"_blank\" rel=\"noopener noreferrer\">Agencia Federal de Prisiones<\/a><\/h3>\n<p><a href=\"tel:1-202-307-3198\">(202) 307-3198<\/a><\/p>\n<h3><a href=\"https:\/\/p2c.coweta.ga.us\/p2c\/jailinmates.aspx\" target=\"_blank\" rel=\"noopener noreferrer\">B\u00fasqueda de presos en la c\u00e1rcel del condado de Coweta<\/a><\/h3>\n<p><a href=\"tel:1-770-253-1664\">(770) 253-1664<\/a><\/p>\n<h3><a href=\"https:\/\/locator.ice.gov\/odls\/#\/index\" target=\"_blank\" rel=\"noopener\">Servicio de Control de Inmigraci\u00f3n y Aduanas de EE.UU. (ICE)<\/a><\/h3>\n\t\t\t\t\t\t\t\t<\/div>\n\t\t\t\t<\/div>\n\t\t\t\t\t<\/div>\n\t\t<\/div>\n\t\t\t\t\t<\/div>\n\t\t<\/section>\n\t\t\t\t\t<\/div>\n\t\t<\/div>\n\t\t\t\t<div class=\"elementor-column elementor-col-50 elementor-top-column elementor-element elementor-element-7a75b43e\" data-id=\"7a75b43e\" data-element_type=\"column\">\n\t\t\t<div class=\"elementor-widget-wrap elementor-element-populated\">\n\t\t\t\t\t\t<div class=\"elementor-element elementor-element-4317884f elementor-widget elementor-widget-heading\" data-id=\"4317884f\" data-element_type=\"widget\" data-widget_type=\"heading.default\">\n\t\t\t\t<div class=\"elementor-widget-container\">\n\t\t\t\t\t<h2 class=\"elementor-heading-title elementor-size-default\">Rese\u00f1as recientes<\/h2>\t\t\t\t<\/div>\n\t\t\t\t<\/div>\n\t\t\t\t<div class=\"elementor-element elementor-element-edbc823 elementor-widget elementor-widget-html\" data-id=\"edbc823\" data-element_type=\"widget\" data-widget_type=\"html.default\">\n\t\t\t\t<div class=\"elementor-widget-container\">\n\t\t\t\t\t<script src=\"https:\/\/apps.elfsight.com\/p\/platform.js\" defer><\/script>\n<div class=\"elfsight-app-43be09b0-e8ef-4d8e-907c-89f084b55004\"><\/div>\t\t\t\t<\/div>\n\t\t\t\t<\/div>\n\t\t\t\t<div class=\"elementor-element elementor-element-ea95bf7 elementor-align-center elementor-widget elementor-widget-button\" data-id=\"ea95bf7\" data-element_type=\"widget\" data-widget_type=\"button.default\">\n\t\t\t\t<div class=\"elementor-widget-container\">\n\t\t\t\t\t\t\t\t\t<div class=\"elementor-button-wrapper\">\n\t\t\t\t\t<a class=\"elementor-button elementor-button-link elementor-size-sm\" href=\"https:\/\/search.google.com\/local\/writereview?placeid=ChIJ53tGxr0E9YgRZMhLlciLJ30\" target=\"_blank\">\n\t\t\t\t\t\t<span class=\"elementor-button-content-wrapper\">\n\t\t\t\t\t\t\t\t\t<span class=\"elementor-button-text\">Write a Google Review<\/span>\n\t\t\t\t\t<\/span>\n\t\t\t\t\t<\/a>\n\t\t\t\t<\/div>\n\t\t\t\t\t\t\t\t<\/div>\n\t\t\t\t<\/div>\n\t\t\t\t<div class=\"elementor-element elementor-element-49f8732a elementor-hidden-desktop elementor-hidden-tablet elementor-hidden-mobile elementor-widget elementor-widget-heading\" data-id=\"49f8732a\" data-element_type=\"widget\" data-widget_type=\"heading.default\">\n\t\t\t\t<div class=\"elementor-widget-container\">\n\t\t\t\t\t<h2 class=\"elementor-heading-title elementor-size-default\">Recursos<\/h2>\t\t\t\t<\/div>\n\t\t\t\t<\/div>\n\t\t\t\t\t<\/div>\n\t\t<\/div>\n\t\t\t\t\t<\/div>\n\t\t<\/section>\n\t\t\t\t<\/div>\n\t\t","protected":false},"excerpt":{"rendered":"<p>C\u00e1rcel del condado de Bartow (770) 382-5050 C\u00e1rcel del condado de Bibb (478) 621-5555 C\u00e1rcel del condado de Clayton (770) 477-4413 o 4414 C\u00e1rcel del condado de Cobb (770) 499-4255 C\u00e1rcel del condado de Dawson (706) 621-5555 C\u00e1rcel del condado de Dekalb (404) 298-8515 C\u00e1rcel del condado de Douglas (770) 942-2121 C\u00e1rcel del condado de [&hellip;]<\/p>\n","protected":false},"author":23,"featured_media":0,"parent":0,"menu_order":0,"comment_status":"closed","ping_status":"closed","template":"","meta":{"_acf_changed":false,"om_disable_all_campaigns":false,"_monsterinsights_skip_tracking":false,"_monsterinsights_sitenote_active":false,"_monsterinsights_sitenote_note":"","_monsterinsights_sitenote_category":0,"site-sidebar-layout":"no-sidebar","site-content-layout":"page-builder","ast-site-content-layout":"default","site-content-style":"default","site-sidebar-style":"default","ast-global-header-display":"","ast-banner-title-visibility":"","ast-main-header-display":"","ast-hfb-above-header-display":"","ast-hfb-below-header-display":"","ast-hfb-mobile-header-display":"","site-post-title":"disabled","ast-breadcrumbs-content":"","ast-featured-img":"disabled","footer-sml-layout":"","ast-disable-related-posts":"","theme-transparent-header-meta":"default","adv-header-id-meta":"","stick-header-meta":"","header-above-stick-meta":"","header-main-stick-meta":"","header-below-stick-meta":"","astra-migrate-meta-layouts":"default","ast-page-background-enabled":"default","ast-page-background-meta":{"desktop":{"background-color":"","background-image":"","background-repeat":"repeat","background-position":"center center","background-size":"auto","background-attachment":"scroll","background-type":"","background-media":"","overlay-type":"","overlay-color":"","overlay-opacity":"","overlay-gradient":""},"tablet":{"background-color":"","background-image":"","background-repeat":"repeat","background-position":"center center","background-size":"auto","background-attachment":"scroll","background-type":"","background-media":"","overlay-type":"","overlay-color":"","overlay-opacity":"","overlay-gradient":""},"mobile":{"background-color":"","background-image":"","background-repeat":"repeat","background-position":"center center","background-size":"auto","background-attachment":"scroll","background-type":"","background-media":"","overlay-type":"","overlay-color":"","overlay-opacity":"","overlay-gradient":""}},"ast-content-background-meta":{"desktop":{"background-color":"var(--ast-global-color-5)","background-image":"","background-repeat":"repeat","background-position":"center center","background-size":"auto","background-attachment":"scroll","background-type":"","background-media":"","overlay-type":"","overlay-color":"","overlay-opacity":"","overlay-gradient":""},"tablet":{"background-color":"var(--ast-global-color-5)","background-image":"","background-repeat":"repeat","background-position":"center center","background-size":"auto","background-attachment":"scroll","background-type":"","background-media":"","overlay-type":"","overlay-color":"","overlay-opacity":"","overlay-gradient":""},"mobile":{"background-color":"var(--ast-global-color-5)","background-image":"","background-repeat":"repeat","background-position":"center center","background-size":"auto","background-attachment":"scroll","background-type":"","background-media":"","overlay-type":"","overlay-color":"","overlay-opacity":"","overlay-gradient":""}},"footnotes":""},"class_list":["post-1703","page","type-page","status-publish","hentry"],"acf":[],"aioseo_notices":[],"_links":{"self":[{"href":"https:\/\/www.a2ndchancebailbonds.com\/es\/wp-json\/wp\/v2\/pages\/1703","targetHints":{"allow":["GET"]}}],"collection":[{"href":"https:\/\/www.a2ndchancebailbonds.com\/es\/wp-json\/wp\/v2\/pages"}],"about":[{"href":"https:\/\/www.a2ndchancebailbonds.com\/es\/wp-json\/wp\/v2\/types\/page"}],"author":[{"embeddable":true,"href":"https:\/\/www.a2ndchancebailbonds.com\/es\/wp-json\/wp\/v2\/users\/23"}],"replies":[{"embeddable":true,"href":"https:\/\/www.a2ndchancebailbonds.com\/es\/wp-json\/wp\/v2\/comments?post=1703"}],"version-history":[{"count":0,"href":"https:\/\/www.a2ndchancebailbonds.com\/es\/wp-json\/wp\/v2\/pages\/1703\/revisions"}],"wp:attachment":[{"href":"https:\/\/www.a2ndchancebailbonds.com\/es\/wp-json\/wp\/v2\/media?parent=1703"}],"curies":[{"name":"wp","href":"https:\/\/api.w.org\/{rel}","templated":true}]}}