{"id":1944,"date":"2023-01-19T11:30:04","date_gmt":"2023-01-19T16:30:04","guid":{"rendered":"https:\/\/www.a2ndchancebailbonds.com\/?page_id=1944"},"modified":"2023-08-09T10:06:42","modified_gmt":"2023-08-09T14:06:42","slug":"fianzas-del-condado-de-cherokee","status":"publish","type":"page","link":"https:\/\/www.a2ndchancebailbonds.com\/es\/ubicaciones\/fianzas-del-condado-de-cherokee\/","title":{"rendered":"Fianzas del condado de Cherokee"},"content":{"rendered":"\t\t<div data-elementor-type=\"wp-page\" data-elementor-id=\"1944\" class=\"elementor elementor-1944 elementor-1943\" data-elementor-post-type=\"page\">\n\t\t\t\t\t\t<section class=\"elementor-section elementor-top-section elementor-element elementor-element-8abd30a elementor-section-height-min-height elementor-section-stretched elementor-section-items-bottom elementor-section-boxed elementor-section-height-default\" data-id=\"8abd30a\" data-element_type=\"section\" data-settings=\"{&quot;stretch_section&quot;:&quot;section-stretched&quot;,&quot;background_background&quot;:&quot;classic&quot;}\">\n\t\t\t\t\t\t\t<div class=\"elementor-background-overlay\"><\/div>\n\t\t\t\t\t\t\t<div class=\"elementor-container elementor-column-gap-default\">\n\t\t\t\t\t<div class=\"elementor-column elementor-col-100 elementor-top-column elementor-element elementor-element-4eeae87e\" data-id=\"4eeae87e\" data-element_type=\"column\">\n\t\t\t<div class=\"elementor-widget-wrap elementor-element-populated\">\n\t\t\t\t\t\t<div class=\"elementor-element elementor-element-177580e2 elementor-invisible elementor-widget elementor-widget-heading\" data-id=\"177580e2\" data-element_type=\"widget\" data-settings=\"{&quot;_animation&quot;:&quot;fadeInUp&quot;}\" data-widget_type=\"heading.default\">\n\t\t\t\t<div class=\"elementor-widget-container\">\n\t\t\t\t\t<h1 class=\"elementor-heading-title elementor-size-default\">Fianzas del condado de Cherokee<\/h1>\t\t\t\t<\/div>\n\t\t\t\t<\/div>\n\t\t\t\t<div class=\"elementor-element elementor-element-7a510c05 elementor-widget-divider--view-line elementor-invisible elementor-widget elementor-widget-divider\" data-id=\"7a510c05\" data-element_type=\"widget\" data-settings=\"{&quot;_animation&quot;:&quot;fadeInUp&quot;}\" data-widget_type=\"divider.default\">\n\t\t\t\t<div class=\"elementor-widget-container\">\n\t\t\t\t\t\t\t<div class=\"elementor-divider\">\n\t\t\t<span class=\"elementor-divider-separator\">\n\t\t\t\t\t\t<\/span>\n\t\t<\/div>\n\t\t\t\t\t\t<\/div>\n\t\t\t\t<\/div>\n\t\t\t\t\t<\/div>\n\t\t<\/div>\n\t\t\t\t\t<\/div>\n\t\t<\/section>\n\t\t\t\t<section class=\"elementor-section elementor-top-section elementor-element elementor-element-ffd3420 elementor-section-boxed elementor-section-height-default elementor-section-height-default\" data-id=\"ffd3420\" data-element_type=\"section\">\n\t\t\t\t\t\t<div class=\"elementor-container elementor-column-gap-default\">\n\t\t\t\t\t<div class=\"elementor-column elementor-col-50 elementor-top-column elementor-element elementor-element-64319c1d\" data-id=\"64319c1d\" data-element_type=\"column\">\n\t\t\t<div class=\"elementor-widget-wrap elementor-element-populated\">\n\t\t\t\t\t\t<div class=\"elementor-element elementor-element-67178214 elementor-widget elementor-widget-text-editor\" data-id=\"67178214\" data-element_type=\"widget\" data-widget_type=\"text-editor.default\">\n\t\t\t\t<div class=\"elementor-widget-container\">\n\t\t\t\t\t\t\t\t\t<p>\u00bfAcusaciones pendientes en el condado de Cherokee?<\/p>\n<p>Podemos iniciar el proceso ahora mismo para lograr la liberaci\u00f3n de su ser querido.<\/p>\n\t\t\t\t\t\t\t\t<\/div>\n\t\t\t\t<\/div>\n\t\t\t\t<div class=\"elementor-element elementor-element-eb21a09 elementor-align-justify elementor-widget elementor-widget-button\" data-id=\"eb21a09\" data-element_type=\"widget\" data-widget_type=\"button.default\">\n\t\t\t\t<div class=\"elementor-widget-container\">\n\t\t\t\t\t\t\t\t\t<div class=\"elementor-button-wrapper\">\n\t\t\t\t\t<a class=\"elementor-button elementor-button-link elementor-size-sm\" href=\"https:\/\/www.a2ndchancebailbonds.com\/es\/pagar-fianza\/\">\n\t\t\t\t\t\t<span class=\"elementor-button-content-wrapper\">\n\t\t\t\t\t\t\t\t\t<span class=\"elementor-button-text\">PAGAR FIANZAS EN EL CONDADO DE CHEROKEE<\/span>\n\t\t\t\t\t<\/span>\n\t\t\t\t\t<\/a>\n\t\t\t\t<\/div>\n\t\t\t\t\t\t\t\t<\/div>\n\t\t\t\t<\/div>\n\t\t\t\t<div class=\"elementor-element elementor-element-705ffd7 elementor-widget elementor-widget-heading\" data-id=\"705ffd7\" data-element_type=\"widget\" data-widget_type=\"heading.default\">\n\t\t\t\t<div class=\"elementor-widget-container\">\n\t\t\t\t\t<h3 class=\"elementor-heading-title elementor-size-default\">B\u00fasquenos en el condado de Cherokee<\/h3>\t\t\t\t<\/div>\n\t\t\t\t<\/div>\n\t\t\t\t<div class=\"elementor-element elementor-element-b0935f5 elementor-widget elementor-widget-heading\" data-id=\"b0935f5\" data-element_type=\"widget\" data-widget_type=\"heading.default\">\n\t\t\t\t<div class=\"elementor-widget-container\">\n\t\t\t\t\t<p class=\"elementor-heading-title elementor-size-default\"><a href=\"tel:1-770-479-5230\">(770) 479-5230<\/a><\/p>\t\t\t\t<\/div>\n\t\t\t\t<\/div>\n\t\t\t\t<div class=\"elementor-element elementor-element-6d02191 elementor-widget elementor-widget-google_maps\" data-id=\"6d02191\" data-element_type=\"widget\" data-widget_type=\"google_maps.default\">\n\t\t\t\t<div class=\"elementor-widget-container\">\n\t\t\t\t\t\t\t<div class=\"elementor-custom-embed\">\n\t\t\t<iframe loading=\"lazy\"\n\t\t\t\t\tsrc=\"https:\/\/maps.google.com\/maps?q=929%20Univeter%20Rd%2C%20Canton%2C%20GA%2030115&#038;t=m&#038;z=14&#038;output=embed&#038;iwloc=near\"\n\t\t\t\t\ttitle=\"929 Univeter Rd, Canton, GA 30115\"\n\t\t\t\t\taria-label=\"929 Univeter Rd, Canton, GA 30115\"\n\t\t\t><\/iframe>\n\t\t<\/div>\n\t\t\t\t\t\t<\/div>\n\t\t\t\t<\/div>\n\t\t\t\t\t<\/div>\n\t\t<\/div>\n\t\t\t\t<div class=\"elementor-column elementor-col-50 elementor-top-column elementor-element elementor-element-4af3d09\" data-id=\"4af3d09\" data-element_type=\"column\">\n\t\t\t<div class=\"elementor-widget-wrap elementor-element-populated\">\n\t\t\t\t\t\t<div class=\"elementor-element elementor-element-218108fc elementor-widget elementor-widget-heading\" data-id=\"218108fc\" data-element_type=\"widget\" data-widget_type=\"heading.default\">\n\t\t\t\t<div class=\"elementor-widget-container\">\n\t\t\t\t\t<h2 class=\"elementor-heading-title elementor-size-default\">Rese\u00f1as recientes<\/h2>\t\t\t\t<\/div>\n\t\t\t\t<\/div>\n\t\t\t\t<div class=\"elementor-element elementor-element-5d6aa37 elementor-widget elementor-widget-html\" data-id=\"5d6aa37\" data-element_type=\"widget\" data-widget_type=\"html.default\">\n\t\t\t\t<div class=\"elementor-widget-container\">\n\t\t\t\t\t<script src=\"https:\/\/apps.elfsight.com\/p\/platform.js\" defer><\/script>\n<div class=\"elfsight-app-43be09b0-e8ef-4d8e-907c-89f084b55004\"><\/div>\t\t\t\t<\/div>\n\t\t\t\t<\/div>\n\t\t\t\t<div class=\"elementor-element elementor-element-7c3120e elementor-align-center elementor-widget elementor-widget-button\" data-id=\"7c3120e\" data-element_type=\"widget\" data-widget_type=\"button.default\">\n\t\t\t\t<div class=\"elementor-widget-container\">\n\t\t\t\t\t\t\t\t\t<div class=\"elementor-button-wrapper\">\n\t\t\t\t\t<a class=\"elementor-button elementor-button-link elementor-size-sm\" href=\"https:\/\/search.google.com\/local\/writereview?placeid=ChIJ53tGxr0E9YgRZMhLlciLJ30\" target=\"_blank\">\n\t\t\t\t\t\t<span class=\"elementor-button-content-wrapper\">\n\t\t\t\t\t\t\t\t\t<span class=\"elementor-button-text\">Escriba una rese\u00f1a de Google<\/span>\n\t\t\t\t\t<\/span>\n\t\t\t\t\t<\/a>\n\t\t\t\t<\/div>\n\t\t\t\t\t\t\t\t<\/div>\n\t\t\t\t<\/div>\n\t\t\t\t<div class=\"elementor-element elementor-element-afafde3 elementor-widget-divider--view-line elementor-widget elementor-widget-divider\" data-id=\"afafde3\" data-element_type=\"widget\" data-widget_type=\"divider.default\">\n\t\t\t\t<div class=\"elementor-widget-container\">\n\t\t\t\t\t\t\t<div class=\"elementor-divider\">\n\t\t\t<span class=\"elementor-divider-separator\">\n\t\t\t\t\t\t<\/span>\n\t\t<\/div>\n\t\t\t\t\t\t<\/div>\n\t\t\t\t<\/div>\n\t\t\t\t<div class=\"elementor-element elementor-element-adc1309 elementor-hidden-desktop elementor-hidden-tablet elementor-hidden-mobile elementor-widget elementor-widget-heading\" data-id=\"adc1309\" data-element_type=\"widget\" data-widget_type=\"heading.default\">\n\t\t\t\t<div class=\"elementor-widget-container\">\n\t\t\t\t\t<h2 class=\"elementor-heading-title elementor-size-default\">\u00bfC\u00f3mo seguir los casos en el condado de Fulton?<\/h2>\t\t\t\t<\/div>\n\t\t\t\t<\/div>\n\t\t\t\t<div class=\"elementor-element elementor-element-fa880ad elementor-hidden-desktop elementor-hidden-tablet elementor-hidden-mobile elementor-widget elementor-widget-text-editor\" data-id=\"fa880ad\" data-element_type=\"widget\" data-widget_type=\"text-editor.default\">\n\t\t\t\t<div class=\"elementor-widget-container\">\n\t\t\t\t\t\t\t\t\t<ol>\n \t<li><a href=\"https:\/\/publicrecordsaccess.fultoncountyga.gov\/Portal\" target=\"_blank\" rel=\"noopener\"><strong>HAGA CLIC AQU\u00cd<\/strong><\/a><\/li>\n \t<li>Haga clic en \u00abB\u00fasqueda inteligente\u00bb<\/li>\n \t<li>Ingrese cualquiera de los dos nombres; apellido, nombre<\/li>\n \t<li>O ingrese el n\u00famero de caso\n##CR######\n##SC######\nExisten otras opciones para los n\u00fameros de caso; estos son s\u00f3lo dos ejemplos.<\/li>\n<\/ol>\t\t\t\t\t\t\t\t<\/div>\n\t\t\t\t<\/div>\n\t\t\t\t<div class=\"elementor-element elementor-element-6fb11a0 elementor-align-center elementor-widget elementor-widget-button\" data-id=\"6fb11a0\" data-element_type=\"widget\" data-widget_type=\"button.default\">\n\t\t\t\t<div class=\"elementor-widget-container\">\n\t\t\t\t\t\t\t\t\t<div class=\"elementor-button-wrapper\">\n\t\t\t\t\t<a class=\"elementor-button elementor-button-link elementor-size-sm\" href=\"https:\/\/www.a2ndchancebailbonds.com\/es\/como-funcionan-las-fianzas\/\">\n\t\t\t\t\t\t<span class=\"elementor-button-content-wrapper\">\n\t\t\t\t\t\t\t\t\t<span class=\"elementor-button-text\">C\u00f3mo funcionan las fianzas<\/span>\n\t\t\t\t\t<\/span>\n\t\t\t\t\t<\/a>\n\t\t\t\t<\/div>\n\t\t\t\t\t\t\t\t<\/div>\n\t\t\t\t<\/div>\n\t\t\t\t<div class=\"elementor-element elementor-element-d7f7b7d elementor-widget elementor-widget-heading\" data-id=\"d7f7b7d\" data-element_type=\"widget\" data-widget_type=\"heading.default\">\n\t\t\t\t<div class=\"elementor-widget-container\">\n\t\t\t\t\t<h2 class=\"elementor-heading-title elementor-size-default\">Entradas recientes<\/h2>\t\t\t\t<\/div>\n\t\t\t\t<\/div>\n\t\t\t\t<div class=\"elementor-element elementor-element-62f8f53 elementor-widget elementor-widget-heading\" data-id=\"62f8f53\" data-element_type=\"widget\" data-widget_type=\"heading.default\">\n\t\t\t\t<div class=\"elementor-widget-container\">\n\t\t\t\t\t<h2 class=\"elementor-heading-title elementor-size-default\">Archivos<\/h2>\t\t\t\t<\/div>\n\t\t\t\t<\/div>\n\t\t\t\t<div class=\"elementor-element elementor-element-2309356 archive-menu elementor-nav-menu--dropdown-tablet elementor-nav-menu__text-align-aside elementor-nav-menu--toggle elementor-nav-menu--burger elementor-widget elementor-widget-nav-menu\" data-id=\"2309356\" data-element_type=\"widget\" data-settings=\"{&quot;layout&quot;:&quot;vertical&quot;,&quot;submenu_icon&quot;:{&quot;value&quot;:&quot;&lt;i class=\\&quot;fas fa-caret-down\\&quot; aria-hidden=\\&quot;true\\&quot;&gt;&lt;\\\/i&gt;&quot;,&quot;library&quot;:&quot;fa-solid&quot;},&quot;toggle&quot;:&quot;burger&quot;}\" data-widget_type=\"nav-menu.default\">\n\t\t\t\t<div class=\"elementor-widget-container\">\n\t\t\t\t\t\t\t\t<nav aria-label=\"Men\u00fa\" class=\"elementor-nav-menu--main elementor-nav-menu__container elementor-nav-menu--layout-vertical e--pointer-background e--animation-fade\">\n\t\t\t\t<ul id=\"menu-1-2309356\" class=\"elementor-nav-menu sm-vertical\"><li class=\"menu-item menu-item-type-taxonomy menu-item-object-post_tag menu-item-1994\"><a href=\"https:\/\/www.a2ndchancebailbonds.com\/tag\/2023\/\" class=\"elementor-item menu-link\">2023<\/a><\/li>\n<li class=\"menu-item menu-item-type-taxonomy menu-item-object-post_tag menu-item-1747\"><a href=\"https:\/\/www.a2ndchancebailbonds.com\/tag\/2022\/\" class=\"elementor-item menu-link\">2022<\/a><\/li>\n<li class=\"menu-item menu-item-type-taxonomy menu-item-object-post_tag menu-item-1150\"><a href=\"https:\/\/www.a2ndchancebailbonds.com\/tag\/2021\/\" class=\"elementor-item menu-link\">2021<\/a><\/li>\n<li class=\"menu-item menu-item-type-taxonomy menu-item-object-post_tag menu-item-1147\"><a href=\"https:\/\/www.a2ndchancebailbonds.com\/tag\/2020\/\" class=\"elementor-item menu-link\">2020<\/a><\/li>\n<li class=\"menu-item menu-item-type-taxonomy menu-item-object-post_tag menu-item-1148\"><a href=\"https:\/\/www.a2ndchancebailbonds.com\/tag\/2019\/\" class=\"elementor-item menu-link\">2019<\/a><\/li>\n<li class=\"menu-item menu-item-type-taxonomy menu-item-object-post_tag menu-item-1149\"><a href=\"https:\/\/www.a2ndchancebailbonds.com\/tag\/2018\/\" class=\"elementor-item menu-link\">2018<\/a><\/li>\n<li class=\"menu-item menu-item-type-taxonomy menu-item-object-post_tag menu-item-1151\"><a href=\"https:\/\/www.a2ndchancebailbonds.com\/tag\/2017\/\" class=\"elementor-item menu-link\">2017<\/a><\/li>\n<\/ul>\t\t\t<\/nav>\n\t\t\t\t\t<div class=\"elementor-menu-toggle\" role=\"button\" tabindex=\"0\" aria-label=\"Alternar men\u00fa\" aria-expanded=\"false\">\n\t\t\t<i aria-hidden=\"true\" role=\"presentation\" class=\"elementor-menu-toggle__icon--open eicon-menu-bar\"><\/i><i aria-hidden=\"true\" role=\"presentation\" class=\"elementor-menu-toggle__icon--close eicon-close\"><\/i>\t\t<\/div>\n\t\t\t\t\t<nav class=\"elementor-nav-menu--dropdown elementor-nav-menu__container\" aria-hidden=\"true\">\n\t\t\t\t<ul id=\"menu-2-2309356\" class=\"elementor-nav-menu sm-vertical\"><li class=\"menu-item menu-item-type-taxonomy menu-item-object-post_tag menu-item-1994\"><a href=\"https:\/\/www.a2ndchancebailbonds.com\/tag\/2023\/\" class=\"elementor-item menu-link\" tabindex=\"-1\">2023<\/a><\/li>\n<li class=\"menu-item menu-item-type-taxonomy menu-item-object-post_tag menu-item-1747\"><a href=\"https:\/\/www.a2ndchancebailbonds.com\/tag\/2022\/\" class=\"elementor-item menu-link\" tabindex=\"-1\">2022<\/a><\/li>\n<li class=\"menu-item menu-item-type-taxonomy menu-item-object-post_tag menu-item-1150\"><a href=\"https:\/\/www.a2ndchancebailbonds.com\/tag\/2021\/\" class=\"elementor-item menu-link\" tabindex=\"-1\">2021<\/a><\/li>\n<li class=\"menu-item menu-item-type-taxonomy menu-item-object-post_tag menu-item-1147\"><a href=\"https:\/\/www.a2ndchancebailbonds.com\/tag\/2020\/\" class=\"elementor-item menu-link\" tabindex=\"-1\">2020<\/a><\/li>\n<li class=\"menu-item menu-item-type-taxonomy menu-item-object-post_tag menu-item-1148\"><a href=\"https:\/\/www.a2ndchancebailbonds.com\/tag\/2019\/\" class=\"elementor-item menu-link\" tabindex=\"-1\">2019<\/a><\/li>\n<li class=\"menu-item menu-item-type-taxonomy menu-item-object-post_tag menu-item-1149\"><a href=\"https:\/\/www.a2ndchancebailbonds.com\/tag\/2018\/\" class=\"elementor-item menu-link\" tabindex=\"-1\">2018<\/a><\/li>\n<li class=\"menu-item menu-item-type-taxonomy menu-item-object-post_tag menu-item-1151\"><a href=\"https:\/\/www.a2ndchancebailbonds.com\/tag\/2017\/\" class=\"elementor-item menu-link\" tabindex=\"-1\">2017<\/a><\/li>\n<\/ul>\t\t\t<\/nav>\n\t\t\t\t\t\t<\/div>\n\t\t\t\t<\/div>\n\t\t\t\t\t<\/div>\n\t\t<\/div>\n\t\t\t\t\t<\/div>\n\t\t<\/section>\n\t\t\t\t<\/div>\n\t\t","protected":false},"excerpt":{"rendered":"<p>\u00bfAcusaciones pendientes en el condado de Cherokee? Podemos iniciar el proceso ahora mismo para lograr la liberaci\u00f3n de su ser querido. PAGAR FIANZAS EN EL CONDADO DE CHEROKEE B\u00fasquenos en el condado de Cherokee (770) 479-5230 Rese\u00f1as recientes Escriba una rese\u00f1a de Google \u00bfC\u00f3mo seguir los casos en el condado de Fulton? HAGA CLIC AQU\u00cd [&hellip;]<\/p>\n","protected":false},"author":23,"featured_media":0,"parent":1707,"menu_order":0,"comment_status":"closed","ping_status":"closed","template":"","meta":{"_acf_changed":false,"om_disable_all_campaigns":false,"_monsterinsights_skip_tracking":false,"_monsterinsights_sitenote_active":false,"_monsterinsights_sitenote_note":"","_monsterinsights_sitenote_category":0,"site-sidebar-layout":"no-sidebar","site-content-layout":"page-builder","ast-site-content-layout":"full-width-container","site-content-style":"unboxed","site-sidebar-style":"unboxed","ast-global-header-display":"","ast-banner-title-visibility":"","ast-main-header-display":"","ast-hfb-above-header-display":"","ast-hfb-below-header-display":"","ast-hfb-mobile-header-display":"","site-post-title":"disabled","ast-breadcrumbs-content":"","ast-featured-img":"disabled","footer-sml-layout":"","ast-disable-related-posts":"","theme-transparent-header-meta":"default","adv-header-id-meta":"","stick-header-meta":"","header-above-stick-meta":"","header-main-stick-meta":"","header-below-stick-meta":"","astra-migrate-meta-layouts":"default","ast-page-background-enabled":"default","ast-page-background-meta":{"desktop":{"background-color":"","background-image":"","background-repeat":"repeat","background-position":"center center","background-size":"auto","background-attachment":"scroll","background-type":"","background-media":"","overlay-type":"","overlay-color":"","overlay-opacity":"","overlay-gradient":""},"tablet":{"background-color":"","background-image":"","background-repeat":"repeat","background-position":"center center","background-size":"auto","background-attachment":"scroll","background-type":"","background-media":"","overlay-type":"","overlay-color":"","overlay-opacity":"","overlay-gradient":""},"mobile":{"background-color":"","background-image":"","background-repeat":"repeat","background-position":"center center","background-size":"auto","background-attachment":"scroll","background-type":"","background-media":"","overlay-type":"","overlay-color":"","overlay-opacity":"","overlay-gradient":""}},"ast-content-background-meta":{"desktop":{"background-color":"var(--ast-global-color-5)","background-image":"","background-repeat":"repeat","background-position":"center center","background-size":"auto","background-attachment":"scroll","background-type":"","background-media":"","overlay-type":"","overlay-color":"","overlay-opacity":"","overlay-gradient":""},"tablet":{"background-color":"var(--ast-global-color-5)","background-image":"","background-repeat":"repeat","background-position":"center center","background-size":"auto","background-attachment":"scroll","background-type":"","background-media":"","overlay-type":"","overlay-color":"","overlay-opacity":"","overlay-gradient":""},"mobile":{"background-color":"var(--ast-global-color-5)","background-image":"","background-repeat":"repeat","background-position":"center center","background-size":"auto","background-attachment":"scroll","background-type":"","background-media":"","overlay-type":"","overlay-color":"","overlay-opacity":"","overlay-gradient":""}},"footnotes":""},"class_list":["post-1944","page","type-page","status-publish","hentry"],"acf":[],"aioseo_notices":[],"_links":{"self":[{"href":"https:\/\/www.a2ndchancebailbonds.com\/es\/wp-json\/wp\/v2\/pages\/1944","targetHints":{"allow":["GET"]}}],"collection":[{"href":"https:\/\/www.a2ndchancebailbonds.com\/es\/wp-json\/wp\/v2\/pages"}],"about":[{"href":"https:\/\/www.a2ndchancebailbonds.com\/es\/wp-json\/wp\/v2\/types\/page"}],"author":[{"embeddable":true,"href":"https:\/\/www.a2ndchancebailbonds.com\/es\/wp-json\/wp\/v2\/users\/23"}],"replies":[{"embeddable":true,"href":"https:\/\/www.a2ndchancebailbonds.com\/es\/wp-json\/wp\/v2\/comments?post=1944"}],"version-history":[{"count":0,"href":"https:\/\/www.a2ndchancebailbonds.com\/es\/wp-json\/wp\/v2\/pages\/1944\/revisions"}],"up":[{"embeddable":true,"href":"https:\/\/www.a2ndchancebailbonds.com\/es\/wp-json\/wp\/v2\/pages\/1707"}],"wp:attachment":[{"href":"https:\/\/www.a2ndchancebailbonds.com\/es\/wp-json\/wp\/v2\/media?parent=1944"}],"curies":[{"name":"wp","href":"https:\/\/api.w.org\/{rel}","templated":true}]}}